{"id":3716,"date":"2021-09-20T01:17:37","date_gmt":"2021-09-19T23:17:37","guid":{"rendered":"https:\/\/www.savigny.ca\/?page_id=3716"},"modified":"2023-07-20T21:41:55","modified_gmt":"2023-07-20T19:41:55","slug":"les-bieres","status":"publish","type":"page","link":"https:\/\/www.savigny.ca\/?page_id=3716","title":{"rendered":"Les bi\u00e8res"},"content":{"rendered":"\n<p><strong>J&rsquo;aime<\/strong><\/p>\n\n\n\n<figure class=\"wp-block-image size-large\"><img loading=\"lazy\" decoding=\"async\" width=\"400\" height=\"960\" src=\"https:\/\/www.savigny.ca\/wp-content\/uploads\/2021\/09\/bilboquet_biere_archange7900376009154048209.png\" alt=\"\" class=\"wp-image-3724\" srcset=\"https:\/\/www.savigny.ca\/wp-content\/uploads\/2021\/09\/bilboquet_biere_archange7900376009154048209.png 400w, https:\/\/www.savigny.ca\/wp-content\/uploads\/2021\/09\/bilboquet_biere_archange7900376009154048209-125x300.png 125w\" sizes=\"(max-width: 400px) 100vw, 400px\" \/><\/figure>\n\n\n\n<figure class=\"wp-block-image size-large\"><img loading=\"lazy\" decoding=\"async\" width=\"768\" height=\"1024\" src=\"https:\/\/www.savigny.ca\/wp-content\/uploads\/2021\/09\/pxl_20210923_1734001468275138154039334817-768x1024.jpg\" alt=\"\" class=\"wp-image-3722\" srcset=\"https:\/\/www.savigny.ca\/wp-content\/uploads\/2021\/09\/pxl_20210923_1734001468275138154039334817-768x1024.jpg 768w, https:\/\/www.savigny.ca\/wp-content\/uploads\/2021\/09\/pxl_20210923_1734001468275138154039334817-225x300.jpg 225w, https:\/\/www.savigny.ca\/wp-content\/uploads\/2021\/09\/pxl_20210923_1734001468275138154039334817-1152x1536.jpg 1152w, https:\/\/www.savigny.ca\/wp-content\/uploads\/2021\/09\/pxl_20210923_1734001468275138154039334817-1536x2048.jpg 1536w, https:\/\/www.savigny.ca\/wp-content\/uploads\/2021\/09\/pxl_20210923_1734001468275138154039334817-scaled.jpg 1920w\" sizes=\"(max-width: 768px) 100vw, 768px\" \/><\/figure>\n\n\n\n<figure class=\"wp-block-image size-large\"><img loading=\"lazy\" decoding=\"async\" width=\"768\" height=\"1024\" src=\"https:\/\/www.savigny.ca\/wp-content\/uploads\/2021\/10\/pxl_20211002_000759399120454602953542277-768x1024.jpg\" alt=\"\" class=\"wp-image-3753\" srcset=\"https:\/\/www.savigny.ca\/wp-content\/uploads\/2021\/10\/pxl_20211002_000759399120454602953542277-768x1024.jpg 768w, https:\/\/www.savigny.ca\/wp-content\/uploads\/2021\/10\/pxl_20211002_000759399120454602953542277-225x300.jpg 225w, https:\/\/www.savigny.ca\/wp-content\/uploads\/2021\/10\/pxl_20211002_000759399120454602953542277-1152x1536.jpg 1152w, https:\/\/www.savigny.ca\/wp-content\/uploads\/2021\/10\/pxl_20211002_000759399120454602953542277-1536x2048.jpg 1536w, https:\/\/www.savigny.ca\/wp-content\/uploads\/2021\/10\/pxl_20211002_000759399120454602953542277-scaled.jpg 1920w\" sizes=\"(max-width: 768px) 100vw, 768px\" \/><\/figure>\n\n\n\n<figure class=\"wp-block-image size-large\"><img loading=\"lazy\" decoding=\"async\" width=\"768\" height=\"1024\" src=\"https:\/\/www.savigny.ca\/wp-content\/uploads\/2021\/11\/pxl_20211031_2343386191957989616185681674-768x1024.jpg\" alt=\"\" class=\"wp-image-3815\" srcset=\"https:\/\/www.savigny.ca\/wp-content\/uploads\/2021\/11\/pxl_20211031_2343386191957989616185681674-768x1024.jpg 768w, https:\/\/www.savigny.ca\/wp-content\/uploads\/2021\/11\/pxl_20211031_2343386191957989616185681674-225x300.jpg 225w, https:\/\/www.savigny.ca\/wp-content\/uploads\/2021\/11\/pxl_20211031_2343386191957989616185681674-1152x1536.jpg 1152w, https:\/\/www.savigny.ca\/wp-content\/uploads\/2021\/11\/pxl_20211031_2343386191957989616185681674-1536x2048.jpg 1536w, https:\/\/www.savigny.ca\/wp-content\/uploads\/2021\/11\/pxl_20211031_2343386191957989616185681674-scaled.jpg 1920w\" sizes=\"(max-width: 768px) 100vw, 768px\" \/><\/figure>\n\n\n\n<figure class=\"wp-block-image size-large\"><img loading=\"lazy\" decoding=\"async\" width=\"768\" height=\"1024\" src=\"https:\/\/www.savigny.ca\/wp-content\/uploads\/2021\/12\/pxl_20211223_2253258876205186312362092428-768x1024.jpg\" alt=\"\" class=\"wp-image-3961\" srcset=\"https:\/\/www.savigny.ca\/wp-content\/uploads\/2021\/12\/pxl_20211223_2253258876205186312362092428-768x1024.jpg 768w, https:\/\/www.savigny.ca\/wp-content\/uploads\/2021\/12\/pxl_20211223_2253258876205186312362092428-225x300.jpg 225w, https:\/\/www.savigny.ca\/wp-content\/uploads\/2021\/12\/pxl_20211223_2253258876205186312362092428-1152x1536.jpg 1152w, https:\/\/www.savigny.ca\/wp-content\/uploads\/2021\/12\/pxl_20211223_2253258876205186312362092428-1536x2048.jpg 1536w, https:\/\/www.savigny.ca\/wp-content\/uploads\/2021\/12\/pxl_20211223_2253258876205186312362092428-scaled.jpg 1920w\" sizes=\"(max-width: 768px) 100vw, 768px\" \/><\/figure>\n\n\n\n<figure class=\"wp-block-image size-large\"><img loading=\"lazy\" decoding=\"async\" width=\"768\" height=\"1024\" src=\"https:\/\/www.savigny.ca\/wp-content\/uploads\/2022\/01\/pxl_20220111_2337087725495453158433997496-768x1024.jpg\" alt=\"\" class=\"wp-image-3984\" srcset=\"https:\/\/www.savigny.ca\/wp-content\/uploads\/2022\/01\/pxl_20220111_2337087725495453158433997496-768x1024.jpg 768w, https:\/\/www.savigny.ca\/wp-content\/uploads\/2022\/01\/pxl_20220111_2337087725495453158433997496-225x300.jpg 225w, https:\/\/www.savigny.ca\/wp-content\/uploads\/2022\/01\/pxl_20220111_2337087725495453158433997496-1152x1536.jpg 1152w, https:\/\/www.savigny.ca\/wp-content\/uploads\/2022\/01\/pxl_20220111_2337087725495453158433997496-1536x2048.jpg 1536w, https:\/\/www.savigny.ca\/wp-content\/uploads\/2022\/01\/pxl_20220111_2337087725495453158433997496-scaled.jpg 1920w\" sizes=\"(max-width: 768px) 100vw, 768px\" \/><\/figure>\n\n\n\n<figure class=\"wp-block-image size-large\"><img loading=\"lazy\" decoding=\"async\" width=\"1920\" height=\"2560\" src=\"https:\/\/www.savigny.ca\/wp-content\/uploads\/2022\/02\/pxl_20220220_0026510243065873722814429708-scaled.jpg\" alt=\"\" class=\"wp-image-4116\" srcset=\"https:\/\/www.savigny.ca\/wp-content\/uploads\/2022\/02\/pxl_20220220_0026510243065873722814429708-scaled.jpg 1920w, https:\/\/www.savigny.ca\/wp-content\/uploads\/2022\/02\/pxl_20220220_0026510243065873722814429708-225x300.jpg 225w, https:\/\/www.savigny.ca\/wp-content\/uploads\/2022\/02\/pxl_20220220_0026510243065873722814429708-768x1024.jpg 768w, https:\/\/www.savigny.ca\/wp-content\/uploads\/2022\/02\/pxl_20220220_0026510243065873722814429708-1152x1536.jpg 1152w, https:\/\/www.savigny.ca\/wp-content\/uploads\/2022\/02\/pxl_20220220_0026510243065873722814429708-1536x2048.jpg 1536w\" sizes=\"(max-width: 1920px) 100vw, 1920px\" \/><\/figure>\n\n\n\n<figure class=\"wp-block-image size-large\"><img loading=\"lazy\" decoding=\"async\" width=\"1920\" height=\"2560\" src=\"https:\/\/www.savigny.ca\/wp-content\/uploads\/2022\/04\/pxl_20220410_1159059185356673084303164791-scaled.jpg\" alt=\"\" class=\"wp-image-4192\" srcset=\"https:\/\/www.savigny.ca\/wp-content\/uploads\/2022\/04\/pxl_20220410_1159059185356673084303164791-scaled.jpg 1920w, https:\/\/www.savigny.ca\/wp-content\/uploads\/2022\/04\/pxl_20220410_1159059185356673084303164791-225x300.jpg 225w, https:\/\/www.savigny.ca\/wp-content\/uploads\/2022\/04\/pxl_20220410_1159059185356673084303164791-768x1024.jpg 768w, https:\/\/www.savigny.ca\/wp-content\/uploads\/2022\/04\/pxl_20220410_1159059185356673084303164791-1152x1536.jpg 1152w, https:\/\/www.savigny.ca\/wp-content\/uploads\/2022\/04\/pxl_20220410_1159059185356673084303164791-1536x2048.jpg 1536w\" sizes=\"(max-width: 1920px) 100vw, 1920px\" \/><\/figure>\n\n\n\n<figure class=\"wp-block-image size-large\"><img decoding=\"async\" src=\"file:\/\/\/data\/user\/0\/org.wordpress.android\/cache\/pxl_20220716_2255332847327094063839857719.jpg\" alt=\"\" class=\"wp-image-953\"\/><\/figure>\n\n\n\n<figure class=\"wp-block-image\"><img loading=\"lazy\" decoding=\"async\" width=\"1920\" height=\"2560\" src=\"https:\/\/www.savigny.ca\/wp-content\/uploads\/2022\/07\/pxl_20220716_2255511274182756523222025850-scaled.jpg\" alt=\"\" class=\"wp-image-4300\" srcset=\"https:\/\/www.savigny.ca\/wp-content\/uploads\/2022\/07\/pxl_20220716_2255511274182756523222025850-scaled.jpg 1920w, https:\/\/www.savigny.ca\/wp-content\/uploads\/2022\/07\/pxl_20220716_2255511274182756523222025850-225x300.jpg 225w, https:\/\/www.savigny.ca\/wp-content\/uploads\/2022\/07\/pxl_20220716_2255511274182756523222025850-768x1024.jpg 768w, https:\/\/www.savigny.ca\/wp-content\/uploads\/2022\/07\/pxl_20220716_2255511274182756523222025850-1152x1536.jpg 1152w, https:\/\/www.savigny.ca\/wp-content\/uploads\/2022\/07\/pxl_20220716_2255511274182756523222025850-1536x2048.jpg 1536w\" sizes=\"(max-width: 1920px) 100vw, 1920px\" \/><\/figure>\n\n\n\n<figure class=\"wp-block-image size-large\"><img decoding=\"async\" src=\"file:\/\/\/data\/user\/0\/org.wordpress.android\/cache\/pxl_20220724_2254332159633731128968542.jpg\" alt=\"\" class=\"wp-image-955\"\/><\/figure>\n\n\n\n<p><strong>Je n&rsquo;aime pas<\/strong><\/p>\n\n\n\n<figure class=\"wp-block-image size-large\"><img loading=\"lazy\" decoding=\"async\" width=\"768\" height=\"1024\" src=\"https:\/\/www.savigny.ca\/wp-content\/uploads\/2021\/09\/pxl_20210919_1256487584626818281160616489-768x1024.jpg\" alt=\"\" class=\"wp-image-3715\" srcset=\"https:\/\/www.savigny.ca\/wp-content\/uploads\/2021\/09\/pxl_20210919_1256487584626818281160616489-768x1024.jpg 768w, https:\/\/www.savigny.ca\/wp-content\/uploads\/2021\/09\/pxl_20210919_1256487584626818281160616489-225x300.jpg 225w, https:\/\/www.savigny.ca\/wp-content\/uploads\/2021\/09\/pxl_20210919_1256487584626818281160616489-1152x1536.jpg 1152w, https:\/\/www.savigny.ca\/wp-content\/uploads\/2021\/09\/pxl_20210919_1256487584626818281160616489-1536x2048.jpg 1536w, https:\/\/www.savigny.ca\/wp-content\/uploads\/2021\/09\/pxl_20210919_1256487584626818281160616489-scaled.jpg 1920w\" sizes=\"(max-width: 768px) 100vw, 768px\" \/><\/figure>\n\n\n\n<figure class=\"wp-block-image\"><img loading=\"lazy\" decoding=\"async\" width=\"1920\" height=\"2560\" src=\"https:\/\/www.savigny.ca\/wp-content\/uploads\/2021\/09\/pxl_20210919_1257015537282997319732556822-scaled.jpg\" alt=\"\" class=\"wp-image-3714\" srcset=\"https:\/\/www.savigny.ca\/wp-content\/uploads\/2021\/09\/pxl_20210919_1257015537282997319732556822-scaled.jpg 1920w, https:\/\/www.savigny.ca\/wp-content\/uploads\/2021\/09\/pxl_20210919_1257015537282997319732556822-225x300.jpg 225w, https:\/\/www.savigny.ca\/wp-content\/uploads\/2021\/09\/pxl_20210919_1257015537282997319732556822-768x1024.jpg 768w, https:\/\/www.savigny.ca\/wp-content\/uploads\/2021\/09\/pxl_20210919_1257015537282997319732556822-1152x1536.jpg 1152w, https:\/\/www.savigny.ca\/wp-content\/uploads\/2021\/09\/pxl_20210919_1257015537282997319732556822-1536x2048.jpg 1536w\" sizes=\"(max-width: 1920px) 100vw, 1920px\" \/><\/figure>\n\n\n\n<figure class=\"wp-block-image size-large\"><img loading=\"lazy\" decoding=\"async\" width=\"768\" height=\"1024\" src=\"https:\/\/www.savigny.ca\/wp-content\/uploads\/2021\/09\/pxl_20210922_2329515637520006476912143425-768x1024.jpg\" alt=\"\" class=\"wp-image-3720\" srcset=\"https:\/\/www.savigny.ca\/wp-content\/uploads\/2021\/09\/pxl_20210922_2329515637520006476912143425-768x1024.jpg 768w, https:\/\/www.savigny.ca\/wp-content\/uploads\/2021\/09\/pxl_20210922_2329515637520006476912143425-225x300.jpg 225w, https:\/\/www.savigny.ca\/wp-content\/uploads\/2021\/09\/pxl_20210922_2329515637520006476912143425-1152x1536.jpg 1152w, https:\/\/www.savigny.ca\/wp-content\/uploads\/2021\/09\/pxl_20210922_2329515637520006476912143425-1536x2048.jpg 1536w, https:\/\/www.savigny.ca\/wp-content\/uploads\/2021\/09\/pxl_20210922_2329515637520006476912143425-scaled.jpg 1920w\" sizes=\"(max-width: 768px) 100vw, 768px\" \/><\/figure>\n\n\n\n<figure class=\"wp-block-image size-large\"><img loading=\"lazy\" decoding=\"async\" width=\"768\" height=\"1024\" src=\"https:\/\/www.savigny.ca\/wp-content\/uploads\/2021\/10\/pxl_20211002_0008096842107716566064019058-768x1024.jpg\" alt=\"\" class=\"wp-image-3754\" srcset=\"https:\/\/www.savigny.ca\/wp-content\/uploads\/2021\/10\/pxl_20211002_0008096842107716566064019058-768x1024.jpg 768w, https:\/\/www.savigny.ca\/wp-content\/uploads\/2021\/10\/pxl_20211002_0008096842107716566064019058-225x300.jpg 225w, https:\/\/www.savigny.ca\/wp-content\/uploads\/2021\/10\/pxl_20211002_0008096842107716566064019058-1152x1536.jpg 1152w, https:\/\/www.savigny.ca\/wp-content\/uploads\/2021\/10\/pxl_20211002_0008096842107716566064019058-1536x2048.jpg 1536w, https:\/\/www.savigny.ca\/wp-content\/uploads\/2021\/10\/pxl_20211002_0008096842107716566064019058-scaled.jpg 1920w\" sizes=\"(max-width: 768px) 100vw, 768px\" \/><\/figure>\n\n\n\n<figure class=\"wp-block-image size-large\"><img loading=\"lazy\" decoding=\"async\" width=\"768\" height=\"1024\" src=\"https:\/\/www.savigny.ca\/wp-content\/uploads\/2021\/11\/pxl_20211031_2345116071091119176239058149-768x1024.jpg\" alt=\"\" class=\"wp-image-3817\" srcset=\"https:\/\/www.savigny.ca\/wp-content\/uploads\/2021\/11\/pxl_20211031_2345116071091119176239058149-768x1024.jpg 768w, https:\/\/www.savigny.ca\/wp-content\/uploads\/2021\/11\/pxl_20211031_2345116071091119176239058149-225x300.jpg 225w, https:\/\/www.savigny.ca\/wp-content\/uploads\/2021\/11\/pxl_20211031_2345116071091119176239058149-1152x1536.jpg 1152w, https:\/\/www.savigny.ca\/wp-content\/uploads\/2021\/11\/pxl_20211031_2345116071091119176239058149-1536x2048.jpg 1536w, https:\/\/www.savigny.ca\/wp-content\/uploads\/2021\/11\/pxl_20211031_2345116071091119176239058149-scaled.jpg 1920w\" sizes=\"(max-width: 768px) 100vw, 768px\" \/><\/figure>\n\n\n\n<figure class=\"wp-block-image size-large\"><img loading=\"lazy\" decoding=\"async\" width=\"768\" height=\"1024\" src=\"https:\/\/www.savigny.ca\/wp-content\/uploads\/2021\/12\/pxl_20211204_23090811172491384782274119-768x1024.jpg\" alt=\"\" class=\"wp-image-3895\" srcset=\"https:\/\/www.savigny.ca\/wp-content\/uploads\/2021\/12\/pxl_20211204_23090811172491384782274119-768x1024.jpg 768w, https:\/\/www.savigny.ca\/wp-content\/uploads\/2021\/12\/pxl_20211204_23090811172491384782274119-225x300.jpg 225w, https:\/\/www.savigny.ca\/wp-content\/uploads\/2021\/12\/pxl_20211204_23090811172491384782274119-1152x1536.jpg 1152w, https:\/\/www.savigny.ca\/wp-content\/uploads\/2021\/12\/pxl_20211204_23090811172491384782274119-1536x2048.jpg 1536w, https:\/\/www.savigny.ca\/wp-content\/uploads\/2021\/12\/pxl_20211204_23090811172491384782274119-scaled.jpg 1920w\" sizes=\"(max-width: 768px) 100vw, 768px\" \/><\/figure>\n\n\n\n<figure class=\"wp-block-image size-large\"><img loading=\"lazy\" decoding=\"async\" width=\"768\" height=\"1024\" src=\"https:\/\/www.savigny.ca\/wp-content\/uploads\/2021\/12\/pxl_20211221_2328398063768325015826053011-768x1024.jpg\" alt=\"\" class=\"wp-image-3925\" srcset=\"https:\/\/www.savigny.ca\/wp-content\/uploads\/2021\/12\/pxl_20211221_2328398063768325015826053011-768x1024.jpg 768w, https:\/\/www.savigny.ca\/wp-content\/uploads\/2021\/12\/pxl_20211221_2328398063768325015826053011-225x300.jpg 225w, https:\/\/www.savigny.ca\/wp-content\/uploads\/2021\/12\/pxl_20211221_2328398063768325015826053011-1152x1536.jpg 1152w, https:\/\/www.savigny.ca\/wp-content\/uploads\/2021\/12\/pxl_20211221_2328398063768325015826053011-1536x2048.jpg 1536w, https:\/\/www.savigny.ca\/wp-content\/uploads\/2021\/12\/pxl_20211221_2328398063768325015826053011-scaled.jpg 1920w\" sizes=\"(max-width: 768px) 100vw, 768px\" \/><\/figure>\n\n\n\n<figure class=\"wp-block-image size-large\"><img loading=\"lazy\" decoding=\"async\" width=\"768\" height=\"1024\" src=\"https:\/\/www.savigny.ca\/wp-content\/uploads\/2022\/01\/pxl_20220108_2244183814015198805386348082-768x1024.jpg\" alt=\"\" class=\"wp-image-3982\" srcset=\"https:\/\/www.savigny.ca\/wp-content\/uploads\/2022\/01\/pxl_20220108_2244183814015198805386348082-768x1024.jpg 768w, https:\/\/www.savigny.ca\/wp-content\/uploads\/2022\/01\/pxl_20220108_2244183814015198805386348082-225x300.jpg 225w, https:\/\/www.savigny.ca\/wp-content\/uploads\/2022\/01\/pxl_20220108_2244183814015198805386348082-1152x1536.jpg 1152w, https:\/\/www.savigny.ca\/wp-content\/uploads\/2022\/01\/pxl_20220108_2244183814015198805386348082-1536x2048.jpg 1536w, https:\/\/www.savigny.ca\/wp-content\/uploads\/2022\/01\/pxl_20220108_2244183814015198805386348082-scaled.jpg 1920w\" sizes=\"(max-width: 768px) 100vw, 768px\" \/><\/figure>\n\n\n\n<p><strong>Traditionnelle<\/strong><\/p>\n\n\n\n<p>\u00c9ph\u00e9m\u00e8re brasserie unibroue<br \/>Rickard&rsquo;s red<br \/>Alafut st tite, blanche a la camerise<\/p>\n\n\n\n<p>Blanche de Chambly<br \/>Belgium moins<br \/><\/p>\n","protected":false},"excerpt":{"rendered":"<p>J&rsquo;aime Je n&rsquo;aime pas Traditionnelle \u00c9ph\u00e9m\u00e8re brasserie unibroueRickard&rsquo;s redAlafut st tite, blanche a la camerise Blanche de ChamblyBelgium moins<\/p>\n","protected":false},"author":1,"featured_media":0,"parent":0,"menu_order":0,"comment_status":"closed","ping_status":"closed","template":"","meta":{"footnotes":""},"class_list":["post-3716","page","type-page","status-publish","hentry"],"_links":{"self":[{"href":"https:\/\/www.savigny.ca\/index.php?rest_route=\/wp\/v2\/pages\/3716"}],"collection":[{"href":"https:\/\/www.savigny.ca\/index.php?rest_route=\/wp\/v2\/pages"}],"about":[{"href":"https:\/\/www.savigny.ca\/index.php?rest_route=\/wp\/v2\/types\/page"}],"author":[{"embeddable":true,"href":"https:\/\/www.savigny.ca\/index.php?rest_route=\/wp\/v2\/users\/1"}],"replies":[{"embeddable":true,"href":"https:\/\/www.savigny.ca\/index.php?rest_route=%2Fwp%2Fv2%2Fcomments&post=3716"}],"version-history":[{"count":16,"href":"https:\/\/www.savigny.ca\/index.php?rest_route=\/wp\/v2\/pages\/3716\/revisions"}],"predecessor-version":[{"id":4642,"href":"https:\/\/www.savigny.ca\/index.php?rest_route=\/wp\/v2\/pages\/3716\/revisions\/4642"}],"wp:attachment":[{"href":"https:\/\/www.savigny.ca\/index.php?rest_route=%2Fwp%2Fv2%2Fmedia&parent=3716"}],"curies":[{"name":"wp","href":"https:\/\/api.w.org\/{rel}","templated":true}]}}